{"id":44165,"date":"2024-12-11T15:51:17","date_gmt":"2024-12-11T14:51:17","guid":{"rendered":"https:\/\/wolf-of-seo.de\/?page_id=44165"},"modified":"2024-12-11T15:53:34","modified_gmt":"2024-12-11T14:53:34","slug":"new-years-resolutions-2025","status":"publish","type":"page","link":"https:\/\/wolf-of-seo.de\/en\/new-years-resolutions-2025\/","title":{"rendered":"Changing New Year's resolutions in Germany: health remains important, but quality time has been catching up in recent years\u00a0"},"content":{"rendered":"\n<p>Jedes Jahr interessieren sich immer mehr Deutsche f\u00fcr Neujahrsvors\u00e4tze. Wie sich das Interesse hierzulande in den vergangenen f\u00fcnf Jahren entwickelt hat und welche Vors\u00e4tze beliebter und welche unbeliebter geworden sind, haben wir uns genauer angeschaut. Hierf\u00fcr haben wir&nbsp; \u00fcber 600 Keywords in den Kategorien \u201cGeld\u201d, \u201cGesundheit\u201d und \u201cQuality Time\u201d \u00fcber einen Zeitraum von f\u00fcnf Jahren in \u00fcber 3,6 Millionen Google-Suchanfragen ausgewertet und die durchschnittlichen Suchvolumina verglichen. Das Ergebnis:&nbsp;<\/p>\n\n\n\n<p><strong>Neujahrsvors\u00e4tze im F\u00fcnfjahresvergleich: Gesundheit an der Spitze<\/strong><strong><br><\/strong>Die Neujahrsvors\u00e4tze der Deutschen zeigen von 2019 bis 2024 ein aufschlussreiches Bild: \u201cGesundheit\u201d bleibt die mit Abstand wichtigste Kategorie. Mit 366.060 Suchanfragen im Jahr 2024 liegt der Wert knapp unter dem H\u00f6chststand von 2020 (384.740 Anfragen). Im Vergleich zum Jahr 2019 (346.936 Anfragen) betrug die Zunahme des Interesses 10,90 Prozent. Gleichzeitig verliert die materielle Kategorie &#8222;Geld&#8220; im Vergleich zu ihrem H\u00f6hepunkt, mit 139.617 Suchanfragen im Jahr 2021, leicht an Bedeutung, mit 127.490 Anfragen im Jahr 2024 \u2013 ein R\u00fcckgang von 8,69 Prozent. Im Gegensatz dazu konnte ein Thema punkten: Die Kategorie &#8222;Quality Time&#8220; verzeichnete zwischen 2019 (107.360 Anfragen) und 2024 (129.410 Anfragen) einen vergleichsweise starken Anstieg um 20,54 Prozent.&nbsp;<\/p>\n\n\n\n<iframe title=\"Interesse an Neujahrsvors\u00e4tzen in Deutschland \" aria-label=\"Tabelle\" id=\"datawrapper-chart-Uj1L2\" src=\"https:\/\/datawrapper.dwcdn.net\/Uj1L2\/1\/\" scrolling=\"no\" frameborder=\"0\" style=\"width: 0; min-width: 100% !important; border: none;\" height=\"348\" data-external=\"1\"><\/iframe><script type=\"text\/javascript\">!function(){\"use strict\";window.addEventListener(\"message\",(function(a){if(void 0!==a.data[\"datawrapper-height\"]){var e=document.querySelectorAll(\"iframe\");for(var t in a.data[\"datawrapper-height\"])for(var r=0;r<e.length;r++)if(e[r].contentWindow===a.source){var i=a.data[\"datawrapper-height\"][t]+\"px\";e[r].style.height=i}}}))}();\n\n<\/script>\n\n\n\n<p><strong>Detailtrends: R\u00fcckgang bei Di\u00e4ten, mehr Wasser trinken immer wichtiger<\/strong><strong><br><\/strong>Innerhalb der einzelnen Kategorien fallen deutliche Verschiebungen der Priorit\u00e4ten auf: Suchanfragen nach dem Keyword <em>\"abnehmen\"<\/em> in der Kategorie \u201cGesundheit\u201d sind von 90.225 (2020) auf 58.997 (2024) gefallen \u2013 ein R\u00fcckgang um 35 Prozent. Auch f\u00fcr das Thema <em>\"gesunde Ern\u00e4hrung\"<\/em> interessieren sich weniger Menschen in Deutschland \u2013 der R\u00fcckgang von 39.987 Anfragen (2019) auf 18.265 Anfragen (2024) entspricht 54,32 Prozent. Gleichzeitig gewinnen kleinere, alltagstaugliche Vors\u00e4tze, wie <em>\"mehr Wasser trinken\" an Bedeutung. <\/em>Gab es 2019 noch 1.511 entsprechende Suchanfragen, stieg das Suchvolumen um 47,65 Prozent auf 2.232 Anfragen in diesem Jahr. In der Kategorie \u201cGeld\u201d verlor der Vorsatz <em>\"Geld anlegen\"<\/em> 2024 mit einem R\u00fcckgang von 28,30 Prozent ebenfalls stark an Relevanz. Auch mit dem <em>\u201crauchen aufh\u00f6ren\u201d <\/em>wollen seit 2019 jedes Jahr konstant weniger Deutsche \u2013 das Suchvolumen nach diesem Keyword nahm \u00fcber die untersuchten f\u00fcnf Jahre um 40,73 Prozent ab.&nbsp;<\/p>\n\n\n\n<iframe title=\"\u00c4nderung des Interesses an ausgew\u00e4hlten Neujahrsvors\u00e4tzen\" aria-label=\"Tabelle\" id=\"datawrapper-chart-fRAW1\" src=\"https:\/\/datawrapper.dwcdn.net\/fRAW1\/1\/\" scrolling=\"no\" frameborder=\"0\" style=\"width: 0; min-width: 100% !important; border: none;\" height=\"658\" data-external=\"1\"><\/iframe><script type=\"text\/javascript\">!function(){\"use strict\";window.addEventListener(\"message\",(function(a){if(void 0!==a.data[\"datawrapper-height\"]){var e=document.querySelectorAll(\"iframe\");for(var t in a.data[\"datawrapper-height\"])for(var r=0;r<e.length;r++)if(e[r].contentWindow===a.source){var i=a.data[\"datawrapper-height\"][t]+\"px\";e[r].style.height=i}}}))}();\n\n<\/script>\n\n\n\n<p><em>\u201cNeujahrsvors\u00e4tze zeigen, wie sich unsere Priorit\u00e4ten ver\u00e4ndern: Gesundheit bleibt ein zentraler Wert, w\u00e4hrend Themen wie Quality Time in Bezug auf das seelische Wohlbefinden f\u00fcr die Menschen in Deutschland immer mehr an Bedeutung gewinnen. Bemerkenswert ist der Trend hin zu kleinen, alltagstauglichen Ver\u00e4nderungen \u2013 etwa mehr Wasser zu trinken \u2013, die dazu inspirieren, das eigene Leben nachhaltig zu verbessern. Diese Verschiebungen im Suchverhalten verdeutlichen nicht nur pers\u00f6nliche Ziele, sondern spiegeln auch \u00fcbergreifende gesellschaftliche Entwicklungen wider.\u201d <\/em><strong><em>kommentiert<\/em><\/strong><strong> Niels Stuck, Gr\u00fcnder und Gesch\u00e4ftsf\u00fchrer von WOLF OF SEO.<\/strong><\/p>\n\n\n\n<p><strong>\u00dcber die Untersuchung<\/strong><\/p>\n\n\n\n<p>F\u00fcr die Analyse wurden die 607 meistgesuchten Keywords in den Kategorien \u201cGesundheit\u201d, \u201cGeld\u201d und \u201cQuality Time\u201d&nbsp; im Kontext von Neujahrsvors\u00e4tzen auf ihr Google-Suchvolumen in Deutschland untersucht und ausgewertet. Der Untersuchungszeitraum war Dezember 2019&nbsp; bis Dezember 2014.<\/p>\n","protected":false},"excerpt":{"rendered":"<p>Jedes Jahr interessieren sich immer mehr Deutsche f\u00fcr Neujahrsvors\u00e4tze. Wie sich das Interesse hierzulande in den vergangenen f\u00fcnf Jahren entwickelt hat und welche Vors\u00e4tze beliebter und welche unbeliebter geworden sind, haben wir uns genauer angeschaut. Hierf\u00fcr haben wir&nbsp; \u00fcber 600 Keywords in den Kategorien \u201cGeld\u201d, \u201cGesundheit\u201d und \u201cQuality Time\u201d \u00fcber einen Zeitraum von f\u00fcnf Jahren [&hellip;]<\/p>\n","protected":false},"author":3,"featured_media":0,"parent":0,"menu_order":0,"comment_status":"closed","ping_status":"closed","template":"","meta":{"_acf_changed":false,"footnotes":""},"categories":[],"tags":[],"class_list":["post-44165","page","type-page","status-publish","hentry"],"acf":{"show_faq":false},"yoast_head":"<!-- This site is optimized with the Yoast SEO Premium plugin v26.4 (Yoast SEO v27.4) - https:\/\/yoast.com\/product\/yoast-seo-premium-wordpress\/ -->\n<title>Wandel der Neujahrsvors\u00e4tze in Deutschland: Gesundheit bleibt wichtig, aber Quality Time holt in den letzten Jahren auf\u00a0 | WOLF OF SEO<\/title>\n<meta name=\"robots\" content=\"index, follow, max-snippet:-1, max-image-preview:large, max-video-preview:-1\" \/>\n<link rel=\"canonical\" href=\"https:\/\/wolf-of-seo.de\/en\/new-years-resolutions-2025\/\" \/>\n<meta property=\"og:locale\" content=\"en_US\" \/>\n<meta property=\"og:type\" content=\"article\" \/>\n<meta property=\"og:title\" content=\"Wandel der Neujahrsvors\u00e4tze in Deutschland: Gesundheit bleibt wichtig, aber Quality Time holt in den letzten Jahren auf\u00a0\" \/>\n<meta property=\"og:description\" content=\"Jedes Jahr interessieren sich immer mehr Deutsche f\u00fcr Neujahrsvors\u00e4tze. Wie sich das Interesse hierzulande in den vergangenen f\u00fcnf Jahren entwickelt hat und welche Vors\u00e4tze beliebter und welche unbeliebter geworden sind, haben wir uns genauer angeschaut. Hierf\u00fcr haben wir&nbsp; \u00fcber 600 Keywords in den Kategorien \u201cGeld\u201d, \u201cGesundheit\u201d und \u201cQuality Time\u201d \u00fcber einen Zeitraum von f\u00fcnf Jahren [&hellip;]\" \/>\n<meta property=\"og:url\" content=\"https:\/\/wolf-of-seo.de\/en\/new-years-resolutions-2025\/\" \/>\n<meta property=\"og:site_name\" content=\"WOLF OF SEO\" \/>\n<meta property=\"article:publisher\" content=\"https:\/\/www.facebook.com\/wolf.of.seo.ns\" \/>\n<meta property=\"article:modified_time\" content=\"2024-12-11T14:53:34+00:00\" \/>\n<meta property=\"og:image\" content=\"https:\/\/wolf-of-seo.de\/wp-content\/uploads\/2021\/11\/Wolf-of-SEO_Logo_500-307.png\" \/>\n\t<meta property=\"og:image:width\" content=\"1\" \/>\n\t<meta property=\"og:image:height\" content=\"1\" \/>\n\t<meta property=\"og:image:type\" content=\"image\/png\" \/>\n<meta name=\"twitter:card\" content=\"summary_large_image\" \/>\n<meta name=\"twitter:site\" content=\"@wolf_of_seo\" \/>\n<meta name=\"twitter:label1\" content=\"Est. reading time\" \/>\n\t<meta name=\"twitter:data1\" content=\"3 minutes\" \/>\n<script type=\"application\/ld+json\" class=\"yoast-schema-graph\">{\"@context\":\"https:\\\/\\\/schema.org\",\"@graph\":[{\"@type\":\"WebPage\",\"@id\":\"https:\\\/\\\/wolf-of-seo.de\\\/en\\\/new-years-resolutions-2025\\\/\",\"url\":\"https:\\\/\\\/wolf-of-seo.de\\\/en\\\/new-years-resolutions-2025\\\/\",\"name\":\"Wandel der Neujahrsvors\u00e4tze in Deutschland: Gesundheit bleibt wichtig, aber Quality Time holt in den letzten Jahren auf\u00a0 | WOLF OF SEO\",\"isPartOf\":{\"@id\":\"https:\\\/\\\/wolf-of-seo.de\\\/#website\"},\"datePublished\":\"2024-12-11T14:51:17+00:00\",\"dateModified\":\"2024-12-11T14:53:34+00:00\",\"breadcrumb\":{\"@id\":\"https:\\\/\\\/wolf-of-seo.de\\\/en\\\/new-years-resolutions-2025\\\/#breadcrumb\"},\"inLanguage\":\"en-US\",\"potentialAction\":[{\"@type\":\"ReadAction\",\"target\":[\"https:\\\/\\\/wolf-of-seo.de\\\/en\\\/new-years-resolutions-2025\\\/\"]}]},{\"@type\":\"BreadcrumbList\",\"@id\":\"https:\\\/\\\/wolf-of-seo.de\\\/en\\\/new-years-resolutions-2025\\\/#breadcrumb\",\"itemListElement\":[{\"@type\":\"ListItem\",\"position\":1,\"name\":\"Home\",\"item\":\"https:\\\/\\\/wolf-of-seo.de\\\/\"},{\"@type\":\"ListItem\",\"position\":2,\"name\":\"Wandel der Neujahrsvors\u00e4tze in Deutschland: Gesundheit bleibt wichtig, aber Quality Time holt in den letzten Jahren auf\u00a0\"}]},{\"@type\":\"WebSite\",\"@id\":\"https:\\\/\\\/wolf-of-seo.de\\\/#website\",\"url\":\"https:\\\/\\\/wolf-of-seo.de\\\/\",\"name\":\"WOLF OF SEO\",\"description\":\"Die E-Commerce SEO-Agentur\",\"publisher\":{\"@id\":\"https:\\\/\\\/wolf-of-seo.de\\\/#organization\"},\"potentialAction\":[{\"@type\":\"SearchAction\",\"target\":{\"@type\":\"EntryPoint\",\"urlTemplate\":\"https:\\\/\\\/wolf-of-seo.de\\\/?s={search_term_string}\"},\"query-input\":{\"@type\":\"PropertyValueSpecification\",\"valueRequired\":true,\"valueName\":\"search_term_string\"}}],\"inLanguage\":\"en-US\"},{\"@type\":\"Organization\",\"@id\":\"https:\\\/\\\/wolf-of-seo.de\\\/#organization\",\"name\":\"WOLF OF SEO\",\"url\":\"https:\\\/\\\/wolf-of-seo.de\\\/\",\"logo\":{\"@type\":\"ImageObject\",\"inLanguage\":\"en-US\",\"@id\":\"https:\\\/\\\/wolf-of-seo.de\\\/#\\\/schema\\\/logo\\\/image\\\/\",\"url\":\"https:\\\/\\\/wolf-of-seo.de\\\/wp-content\\\/uploads\\\/2021\\\/11\\\/logo_wos_beitragsbild3.jpg\",\"contentUrl\":\"https:\\\/\\\/wolf-of-seo.de\\\/wp-content\\\/uploads\\\/2021\\\/11\\\/logo_wos_beitragsbild3.jpg\",\"width\":1,\"height\":1,\"caption\":\"WOLF OF SEO\"},\"image\":{\"@id\":\"https:\\\/\\\/wolf-of-seo.de\\\/#\\\/schema\\\/logo\\\/image\\\/\"},\"sameAs\":[\"https:\\\/\\\/www.facebook.com\\\/wolf.of.seo.ns\",\"https:\\\/\\\/x.com\\\/wolf_of_seo\"]}]}<\/script>\n<!-- \/ Yoast SEO Premium plugin. -->","yoast_head_json":{"title":"Changing New Year's resolutions in Germany: Health remains important, but quality time has been catching up in recent years | WOLF OF SEO","robots":{"index":"index","follow":"follow","max-snippet":"max-snippet:-1","max-image-preview":"max-image-preview:large","max-video-preview":"max-video-preview:-1"},"canonical":"https:\/\/wolf-of-seo.de\/en\/new-years-resolutions-2025\/","og_locale":"en_US","og_type":"article","og_title":"Wandel der Neujahrsvors\u00e4tze in Deutschland: Gesundheit bleibt wichtig, aber Quality Time holt in den letzten Jahren auf\u00a0","og_description":"Jedes Jahr interessieren sich immer mehr Deutsche f\u00fcr Neujahrsvors\u00e4tze. Wie sich das Interesse hierzulande in den vergangenen f\u00fcnf Jahren entwickelt hat und welche Vors\u00e4tze beliebter und welche unbeliebter geworden sind, haben wir uns genauer angeschaut. Hierf\u00fcr haben wir&nbsp; \u00fcber 600 Keywords in den Kategorien \u201cGeld\u201d, \u201cGesundheit\u201d und \u201cQuality Time\u201d \u00fcber einen Zeitraum von f\u00fcnf Jahren [&hellip;]","og_url":"https:\/\/wolf-of-seo.de\/en\/new-years-resolutions-2025\/","og_site_name":"WOLF OF SEO","article_publisher":"https:\/\/www.facebook.com\/wolf.of.seo.ns","article_modified_time":"2024-12-11T14:53:34+00:00","og_image":[{"url":"https:\/\/wolf-of-seo.de\/wp-content\/uploads\/2021\/11\/Wolf-of-SEO_Logo_500-307.png","width":1,"height":1,"type":"image\/png"}],"twitter_card":"summary_large_image","twitter_site":"@wolf_of_seo","twitter_misc":{"Est. reading time":"3 minutes"},"schema":{"@context":"https:\/\/schema.org","@graph":[{"@type":"WebPage","@id":"https:\/\/wolf-of-seo.de\/en\/new-years-resolutions-2025\/","url":"https:\/\/wolf-of-seo.de\/en\/new-years-resolutions-2025\/","name":"Changing New Year's resolutions in Germany: Health remains important, but quality time has been catching up in recent years | WOLF OF SEO","isPartOf":{"@id":"https:\/\/wolf-of-seo.de\/#website"},"datePublished":"2024-12-11T14:51:17+00:00","dateModified":"2024-12-11T14:53:34+00:00","breadcrumb":{"@id":"https:\/\/wolf-of-seo.de\/en\/new-years-resolutions-2025\/#breadcrumb"},"inLanguage":"en-US","potentialAction":[{"@type":"ReadAction","target":["https:\/\/wolf-of-seo.de\/en\/new-years-resolutions-2025\/"]}]},{"@type":"BreadcrumbList","@id":"https:\/\/wolf-of-seo.de\/en\/new-years-resolutions-2025\/#breadcrumb","itemListElement":[{"@type":"ListItem","position":1,"name":"Home","item":"https:\/\/wolf-of-seo.de\/"},{"@type":"ListItem","position":2,"name":"Wandel der Neujahrsvors\u00e4tze in Deutschland: Gesundheit bleibt wichtig, aber Quality Time holt in den letzten Jahren auf\u00a0"}]},{"@type":"WebSite","@id":"https:\/\/wolf-of-seo.de\/#website","url":"https:\/\/wolf-of-seo.de\/","name":"WOLF OF SEO","description":"The e-commerce SEO agency","publisher":{"@id":"https:\/\/wolf-of-seo.de\/#organization"},"potentialAction":[{"@type":"SearchAction","target":{"@type":"EntryPoint","urlTemplate":"https:\/\/wolf-of-seo.de\/?s={search_term_string}"},"query-input":{"@type":"PropertyValueSpecification","valueRequired":true,"valueName":"search_term_string"}}],"inLanguage":"en-US"},{"@type":"Organization","@id":"https:\/\/wolf-of-seo.de\/#organization","name":"WOLF OF SEO","url":"https:\/\/wolf-of-seo.de\/","logo":{"@type":"ImageObject","inLanguage":"en-US","@id":"https:\/\/wolf-of-seo.de\/#\/schema\/logo\/image\/","url":"https:\/\/wolf-of-seo.de\/wp-content\/uploads\/2021\/11\/logo_wos_beitragsbild3.jpg","contentUrl":"https:\/\/wolf-of-seo.de\/wp-content\/uploads\/2021\/11\/logo_wos_beitragsbild3.jpg","width":1,"height":1,"caption":"WOLF OF SEO"},"image":{"@id":"https:\/\/wolf-of-seo.de\/#\/schema\/logo\/image\/"},"sameAs":["https:\/\/www.facebook.com\/wolf.of.seo.ns","https:\/\/x.com\/wolf_of_seo"]}]}},"_links":{"self":[{"href":"https:\/\/wolf-of-seo.de\/en\/wp-json\/wp\/v2\/pages\/44165","targetHints":{"allow":["GET"]}}],"collection":[{"href":"https:\/\/wolf-of-seo.de\/en\/wp-json\/wp\/v2\/pages"}],"about":[{"href":"https:\/\/wolf-of-seo.de\/en\/wp-json\/wp\/v2\/types\/page"}],"author":[{"embeddable":true,"href":"https:\/\/wolf-of-seo.de\/en\/wp-json\/wp\/v2\/users\/3"}],"replies":[{"embeddable":true,"href":"https:\/\/wolf-of-seo.de\/en\/wp-json\/wp\/v2\/comments?post=44165"}],"version-history":[{"count":0,"href":"https:\/\/wolf-of-seo.de\/en\/wp-json\/wp\/v2\/pages\/44165\/revisions"}],"wp:attachment":[{"href":"https:\/\/wolf-of-seo.de\/en\/wp-json\/wp\/v2\/media?parent=44165"}],"wp:term":[{"taxonomy":"category","embeddable":true,"href":"https:\/\/wolf-of-seo.de\/en\/wp-json\/wp\/v2\/categories?post=44165"},{"taxonomy":"post_tag","embeddable":true,"href":"https:\/\/wolf-of-seo.de\/en\/wp-json\/wp\/v2\/tags?post=44165"}],"curies":[{"name":"wp","href":"https:\/\/api.w.org\/{rel}","templated":true}]}}