{"id":44017,"date":"2024-12-03T13:13:09","date_gmt":"2024-12-03T12:13:09","guid":{"rendered":"https:\/\/wolf-of-seo.de\/?page_id=44017"},"modified":"2024-12-03T13:13:24","modified_gmt":"2024-12-03T12:13:24","slug":"christmas-markets-2024-regional-comparison","status":"publish","type":"page","link":"https:\/\/wolf-of-seo.de\/en\/christmas-markets-2024-regional-comparison\/","title":{"rendered":"Regional comparison of Christmas markets in 2024: Berlin and W\u00fcrzburg set standards"},"content":{"rendered":"\n<p>Die Adventszeit hat begonnen, und die bundesweit \u00fcber 2.100 deutschen Weihnachtsm\u00e4rkte stehen wie jedes Jahr wieder im Mittelpunkt des vorweihnachtlichen Geschehens. Wir haben uns die regionale Verteilung sowie das Interesse an Weihnachtsm\u00e4rkten einmal genauer angeschaut. Unsere aktuelle Analyse zeigt dabei deutliche regionale Unterschiede \u2013 sowohl in der Anzahl der M\u00e4rkte als auch beim Interesse der Bev\u00f6lkerung.&nbsp;<\/p>\n\n\n\n<p>Das Ergebnis:&nbsp;<\/p>\n\n\n\n<p><strong>Bundesl\u00e4ndervergleich: Bayern f\u00fchrt bei der Gesamtzahl \u2013 Berlin bei der Dichte<\/strong><\/p>\n\n\n\n<p>Mit 423 Weihnachtsm\u00e4rkten hat Bayern insgesamt die gr\u00f6\u00dfte Anzahl an Weihnachtsm\u00e4rkten in Deutschland, gefolgt von Baden-W\u00fcrttemberg (382) und Nordrhein-Westfalen (347). Doch bei der Dichte, gemessen an der Anzahl der M\u00e4rkte pro 1.000 km\u00b2, liegt Berlin mit 48,3 M\u00e4rkten unangefochten vorn. Hamburg (31,8) und Bremen (11,9) folgen auf den Pl\u00e4tzen zwei und drei. Gro\u00dfe Fl\u00e4chenl\u00e4nder wie Brandenburg (2,2) und Mecklenburg-Vorpommern (2,1) liegen hingegen deutlich zur\u00fcck. In dieser Kategorie erzielt Baden-W\u00fcrttemberg mit 10,7 M\u00e4rkten pro 1.000 km\u00b2 den Spitzenwert, w\u00e4hrend Bayern mit einer Marktdichte von 6,0 trotz der h\u00f6chsten Gesamtanzahl im Mittelfeld bleibt.<\/p>\n\n\n\n<iframe title=\"Weihnachtsmarktdichte 2024: Bundesl\u00e4ndervergleich\" aria-label=\"Karte\" id=\"datawrapper-chart-bKvKd\" src=\"https:\/\/datawrapper.dwcdn.net\/bKvKd\/2\/\" scrolling=\"no\" frameborder=\"0\" style=\"width: 0; min-width: 100% !important; border: none;\" height=\"879\" data-external=\"1\"><\/iframe><script type=\"text\/javascript\">!function(){\"use strict\";window.addEventListener(\"message\",(function(a){if(void 0!==a.data[\"datawrapper-height\"]){var e=document.querySelectorAll(\"iframe\");for(var t in a.data[\"datawrapper-height\"])for(var r=0;r<e.length;r++)if(e[r].contentWindow===a.source){var i=a.data[\"datawrapper-height\"][t]+\"px\";e[r].style.height=i}}}))}();\n\n<\/script>\n\n\n\n<p><strong>St\u00e4dtevergleich: Interesse in W\u00fcrzburg am gr\u00f6\u00dften&nbsp;<\/strong><\/p>\n\n\n\n<p>Neben der Anzahl in den Bundesl\u00e4ndern fallen vor allem einzelne St\u00e4dte durch hohe Online-Suchvolumina und entsprechend gro\u00dfes Interesse der Bev\u00f6lkerung auf: Im Vergleich der 20 St\u00e4dte mit dem gr\u00f6\u00dften Interesse an Weihnachtsm\u00e4rkten ist in W\u00fcrzburg das Suchvolumen f\u00fcr Weihnachtsm\u00e4rkte mit monatlich 129 Google-Anfragen je 1.000 Einwohner deutschlandweit am h\u00f6chsten. Dortmund (80,2) und Osnabr\u00fcck (73,7) folgen auf den Pl\u00e4tzen zwei und drei. Die Stadtstaaten Hamburg und Berlin erreichen mit 18,8 bzw. 14,6 Suchanfragen pro 1.000 Einwohner vergleichsweise niedrige Werte.&nbsp;<\/p>\n\n\n\n<iframe title=\"Weihnachtsmarkt-Interesse 2024 in Deutschland\" aria-label=\"Tabelle\" id=\"datawrapper-chart-3hAl8\" src=\"https:\/\/datawrapper.dwcdn.net\/3hAl8\/4\/\" scrolling=\"no\" frameborder=\"0\" style=\"width: 0; min-width: 100% !important; border: none;\" height=\"1033\" data-external=\"1\"><\/iframe><script type=\"text\/javascript\">!function(){\"use strict\";window.addEventListener(\"message\",(function(a){if(void 0!==a.data[\"datawrapper-height\"]){var e=document.querySelectorAll(\"iframe\");for(var t in a.data[\"datawrapper-height\"])for(var r=0;r<e.length;r++)if(e[r].contentWindow===a.source){var i=a.data[\"datawrapper-height\"][t]+\"px\";e[r].style.height=i}}}))}();\n\n<\/script>\n\n\n\n<p><strong>Ein Blick auf die Trends der Vorjahre<\/strong><\/p>\n\n\n\n<p>Einige bestimmte Weihnachtsm\u00e4rkte sind besonders beliebt, erkennbar am starken Anstieg des Online-Interesses im Vergleich zu anderen. Ein Beispiel ist der <strong>Cranger Weihnachtszauber<\/strong> in Herne, Nordrhein-Westfalen, dessen Google-Suchvolumen in den Monaten November und Dezember regelm\u00e4\u00dfig Spitzenwerte erreicht \u2013 Ende 2023 \u00fcber 100.000 Anfragen pro Monat. Auch der <strong>N\u00fcrnberger Christkindlesmarkt <\/strong>geh\u00f6rt zu den Suchfavoriten, mit einem H\u00f6chstwert von 42.000 Suchanfragen im Dezember desselben Jahres.&nbsp;<\/p>\n\n\n\n<p><em>\u201eUnsere Analyse zeigt, wie vielf\u00e4ltig das Interesse an Weihnachtsm\u00e4rkten in Deutschland ist. W\u00e4hrend Berlin mit seiner fl\u00e4chenm\u00e4\u00dfig hohen Marktdichte beeindruckt, beweist W\u00fcrzburg mit dem gr\u00f6\u00dften Interesse pro Einwohner, dass auch kleinere St\u00e4dte eine zentrale Rolle im vorweihnachtlichen Geschehen spielen k\u00f6nnen. Besonders spannend ist, wie einige M\u00e4rkte wie der Cranger Weihnachtszauber oder der N\u00fcrnberger Christkindlesmarkt nicht nur regional, sondern auch \u00fcberregional gro\u00dfe Aufmerksamkeit auf sich ziehen \u2013 ein klarer Hinweis auf die Bedeutung von Tradition und einzigartigen Erlebnissen in der Weihnachtszeit.\u201c <\/em><strong><em>\u2013<\/em><\/strong><strong> Niels Stuck, Gr\u00fcnder und Gesch\u00e4ftsf\u00fchrer von WOLF OF SEO.<\/strong><\/p>\n\n\n\n<p><strong>\u00dcber die Untersuchung<\/strong><\/p>\n\n\n\n<p>F\u00fcr den Bundesl\u00e4ndervergleich wurde die Datenbank von <a href=\"http:\/\/www.deutsche-weihnachtsmaerkte.de\/\">www.deutsche-weihnachtsmaerkte.de\/<\/a> ausgewertet und eine regionale Rangfolge erstellt. F\u00fcr den St\u00e4dtevergleich wurden die Suchvolumina von 342 Weihachtsmarkt-bezogenen Keywords aus 20 deutschen St\u00e4dten in insgesamt 488.200 Google-Suchen analysiert und anhand des monatlichen Durchschnitts eine Rangfolge erstellt. F\u00fcr die meistgesuchten Weihnachtsm\u00e4rkte wurden die Suchvolumina der Vorjahre betrachtet.<br><br><\/p>\n","protected":false},"excerpt":{"rendered":"<p>Die Adventszeit hat begonnen, und die bundesweit \u00fcber 2.100 deutschen Weihnachtsm\u00e4rkte stehen wie jedes Jahr wieder im Mittelpunkt des vorweihnachtlichen Geschehens. Wir haben uns die regionale Verteilung sowie das Interesse an Weihnachtsm\u00e4rkten einmal genauer angeschaut. Unsere aktuelle Analyse zeigt dabei deutliche regionale Unterschiede \u2013 sowohl in der Anzahl der M\u00e4rkte als auch beim Interesse der [&hellip;]<\/p>\n","protected":false},"author":3,"featured_media":0,"parent":0,"menu_order":0,"comment_status":"closed","ping_status":"closed","template":"","meta":{"_acf_changed":false,"footnotes":""},"categories":[],"tags":[],"class_list":["post-44017","page","type-page","status-publish","hentry"],"acf":{"show_faq":false},"yoast_head":"<!-- This site is optimized with the Yoast SEO Premium plugin v26.4 (Yoast SEO v27.4) - https:\/\/yoast.com\/product\/yoast-seo-premium-wordpress\/ -->\n<title>Regionalvergleich der Weihnachtsm\u00e4rkte 2024: Berlin und W\u00fcrzburg setzen Ma\u00dfst\u00e4be | WOLF OF SEO<\/title>\n<meta name=\"robots\" content=\"index, follow, max-snippet:-1, max-image-preview:large, max-video-preview:-1\" \/>\n<link rel=\"canonical\" href=\"https:\/\/wolf-of-seo.de\/en\/christmas-markets-2024-regional-comparison\/\" \/>\n<meta property=\"og:locale\" content=\"en_US\" \/>\n<meta property=\"og:type\" content=\"article\" \/>\n<meta property=\"og:title\" content=\"Regionalvergleich der Weihnachtsm\u00e4rkte 2024: Berlin und W\u00fcrzburg setzen Ma\u00dfst\u00e4be\" \/>\n<meta property=\"og:description\" content=\"Die Adventszeit hat begonnen, und die bundesweit \u00fcber 2.100 deutschen Weihnachtsm\u00e4rkte stehen wie jedes Jahr wieder im Mittelpunkt des vorweihnachtlichen Geschehens. Wir haben uns die regionale Verteilung sowie das Interesse an Weihnachtsm\u00e4rkten einmal genauer angeschaut. Unsere aktuelle Analyse zeigt dabei deutliche regionale Unterschiede \u2013 sowohl in der Anzahl der M\u00e4rkte als auch beim Interesse der [&hellip;]\" \/>\n<meta property=\"og:url\" content=\"https:\/\/wolf-of-seo.de\/en\/christmas-markets-2024-regional-comparison\/\" \/>\n<meta property=\"og:site_name\" content=\"WOLF OF SEO\" \/>\n<meta property=\"article:publisher\" content=\"https:\/\/www.facebook.com\/wolf.of.seo.ns\" \/>\n<meta property=\"article:modified_time\" content=\"2024-12-03T12:13:24+00:00\" \/>\n<meta property=\"og:image\" content=\"https:\/\/wolf-of-seo.de\/wp-content\/uploads\/2021\/11\/Wolf-of-SEO_Logo_500-307.png\" \/>\n\t<meta property=\"og:image:width\" content=\"1\" \/>\n\t<meta property=\"og:image:height\" content=\"1\" \/>\n\t<meta property=\"og:image:type\" content=\"image\/png\" \/>\n<meta name=\"twitter:card\" content=\"summary_large_image\" \/>\n<meta name=\"twitter:site\" content=\"@wolf_of_seo\" \/>\n<meta name=\"twitter:label1\" content=\"Est. reading time\" \/>\n\t<meta name=\"twitter:data1\" content=\"3 minutes\" \/>\n<script type=\"application\/ld+json\" class=\"yoast-schema-graph\">{\"@context\":\"https:\\\/\\\/schema.org\",\"@graph\":[{\"@type\":\"WebPage\",\"@id\":\"https:\\\/\\\/wolf-of-seo.de\\\/weihnachtsmarkte-2024-regionalvergleich\\\/\",\"url\":\"https:\\\/\\\/wolf-of-seo.de\\\/weihnachtsmarkte-2024-regionalvergleich\\\/\",\"name\":\"Regionalvergleich der Weihnachtsm\u00e4rkte 2024: Berlin und W\u00fcrzburg setzen Ma\u00dfst\u00e4be | WOLF OF SEO\",\"isPartOf\":{\"@id\":\"https:\\\/\\\/wolf-of-seo.de\\\/#website\"},\"datePublished\":\"2024-12-03T12:13:09+00:00\",\"dateModified\":\"2024-12-03T12:13:24+00:00\",\"breadcrumb\":{\"@id\":\"https:\\\/\\\/wolf-of-seo.de\\\/weihnachtsmarkte-2024-regionalvergleich\\\/#breadcrumb\"},\"inLanguage\":\"en-US\",\"potentialAction\":[{\"@type\":\"ReadAction\",\"target\":[\"https:\\\/\\\/wolf-of-seo.de\\\/weihnachtsmarkte-2024-regionalvergleich\\\/\"]}]},{\"@type\":\"BreadcrumbList\",\"@id\":\"https:\\\/\\\/wolf-of-seo.de\\\/weihnachtsmarkte-2024-regionalvergleich\\\/#breadcrumb\",\"itemListElement\":[{\"@type\":\"ListItem\",\"position\":1,\"name\":\"Home\",\"item\":\"https:\\\/\\\/wolf-of-seo.de\\\/\"},{\"@type\":\"ListItem\",\"position\":2,\"name\":\"Regionalvergleich der Weihnachtsm\u00e4rkte 2024: Berlin und W\u00fcrzburg setzen Ma\u00dfst\u00e4be\"}]},{\"@type\":\"WebSite\",\"@id\":\"https:\\\/\\\/wolf-of-seo.de\\\/#website\",\"url\":\"https:\\\/\\\/wolf-of-seo.de\\\/\",\"name\":\"WOLF OF SEO\",\"description\":\"Die E-Commerce SEO-Agentur\",\"publisher\":{\"@id\":\"https:\\\/\\\/wolf-of-seo.de\\\/#organization\"},\"potentialAction\":[{\"@type\":\"SearchAction\",\"target\":{\"@type\":\"EntryPoint\",\"urlTemplate\":\"https:\\\/\\\/wolf-of-seo.de\\\/?s={search_term_string}\"},\"query-input\":{\"@type\":\"PropertyValueSpecification\",\"valueRequired\":true,\"valueName\":\"search_term_string\"}}],\"inLanguage\":\"en-US\"},{\"@type\":\"Organization\",\"@id\":\"https:\\\/\\\/wolf-of-seo.de\\\/#organization\",\"name\":\"WOLF OF SEO\",\"url\":\"https:\\\/\\\/wolf-of-seo.de\\\/\",\"logo\":{\"@type\":\"ImageObject\",\"inLanguage\":\"en-US\",\"@id\":\"https:\\\/\\\/wolf-of-seo.de\\\/#\\\/schema\\\/logo\\\/image\\\/\",\"url\":\"https:\\\/\\\/wolf-of-seo.de\\\/wp-content\\\/uploads\\\/2021\\\/11\\\/logo_wos_beitragsbild3.jpg\",\"contentUrl\":\"https:\\\/\\\/wolf-of-seo.de\\\/wp-content\\\/uploads\\\/2021\\\/11\\\/logo_wos_beitragsbild3.jpg\",\"width\":1,\"height\":1,\"caption\":\"WOLF OF SEO\"},\"image\":{\"@id\":\"https:\\\/\\\/wolf-of-seo.de\\\/#\\\/schema\\\/logo\\\/image\\\/\"},\"sameAs\":[\"https:\\\/\\\/www.facebook.com\\\/wolf.of.seo.ns\",\"https:\\\/\\\/x.com\\\/wolf_of_seo\"]}]}<\/script>\n<!-- \/ Yoast SEO Premium plugin. -->","yoast_head_json":{"title":"Regional comparison of Christmas markets in 2024: Berlin and W\u00fcrzburg set standards | WOLF OF SEO","robots":{"index":"index","follow":"follow","max-snippet":"max-snippet:-1","max-image-preview":"max-image-preview:large","max-video-preview":"max-video-preview:-1"},"canonical":"https:\/\/wolf-of-seo.de\/en\/christmas-markets-2024-regional-comparison\/","og_locale":"en_US","og_type":"article","og_title":"Regionalvergleich der Weihnachtsm\u00e4rkte 2024: Berlin und W\u00fcrzburg setzen Ma\u00dfst\u00e4be","og_description":"Die Adventszeit hat begonnen, und die bundesweit \u00fcber 2.100 deutschen Weihnachtsm\u00e4rkte stehen wie jedes Jahr wieder im Mittelpunkt des vorweihnachtlichen Geschehens. Wir haben uns die regionale Verteilung sowie das Interesse an Weihnachtsm\u00e4rkten einmal genauer angeschaut. Unsere aktuelle Analyse zeigt dabei deutliche regionale Unterschiede \u2013 sowohl in der Anzahl der M\u00e4rkte als auch beim Interesse der [&hellip;]","og_url":"https:\/\/wolf-of-seo.de\/en\/christmas-markets-2024-regional-comparison\/","og_site_name":"WOLF OF SEO","article_publisher":"https:\/\/www.facebook.com\/wolf.of.seo.ns","article_modified_time":"2024-12-03T12:13:24+00:00","og_image":[{"url":"https:\/\/wolf-of-seo.de\/wp-content\/uploads\/2021\/11\/Wolf-of-SEO_Logo_500-307.png","width":1,"height":1,"type":"image\/png"}],"twitter_card":"summary_large_image","twitter_site":"@wolf_of_seo","twitter_misc":{"Est. reading time":"3 minutes"},"schema":{"@context":"https:\/\/schema.org","@graph":[{"@type":"WebPage","@id":"https:\/\/wolf-of-seo.de\/weihnachtsmarkte-2024-regionalvergleich\/","url":"https:\/\/wolf-of-seo.de\/weihnachtsmarkte-2024-regionalvergleich\/","name":"Regional comparison of Christmas markets in 2024: Berlin and W\u00fcrzburg set standards | WOLF OF SEO","isPartOf":{"@id":"https:\/\/wolf-of-seo.de\/#website"},"datePublished":"2024-12-03T12:13:09+00:00","dateModified":"2024-12-03T12:13:24+00:00","breadcrumb":{"@id":"https:\/\/wolf-of-seo.de\/weihnachtsmarkte-2024-regionalvergleich\/#breadcrumb"},"inLanguage":"en-US","potentialAction":[{"@type":"ReadAction","target":["https:\/\/wolf-of-seo.de\/weihnachtsmarkte-2024-regionalvergleich\/"]}]},{"@type":"BreadcrumbList","@id":"https:\/\/wolf-of-seo.de\/weihnachtsmarkte-2024-regionalvergleich\/#breadcrumb","itemListElement":[{"@type":"ListItem","position":1,"name":"Home","item":"https:\/\/wolf-of-seo.de\/"},{"@type":"ListItem","position":2,"name":"Regionalvergleich der Weihnachtsm\u00e4rkte 2024: Berlin und W\u00fcrzburg setzen Ma\u00dfst\u00e4be"}]},{"@type":"WebSite","@id":"https:\/\/wolf-of-seo.de\/#website","url":"https:\/\/wolf-of-seo.de\/","name":"WOLF OF SEO","description":"The e-commerce SEO agency","publisher":{"@id":"https:\/\/wolf-of-seo.de\/#organization"},"potentialAction":[{"@type":"SearchAction","target":{"@type":"EntryPoint","urlTemplate":"https:\/\/wolf-of-seo.de\/?s={search_term_string}"},"query-input":{"@type":"PropertyValueSpecification","valueRequired":true,"valueName":"search_term_string"}}],"inLanguage":"en-US"},{"@type":"Organization","@id":"https:\/\/wolf-of-seo.de\/#organization","name":"WOLF OF SEO","url":"https:\/\/wolf-of-seo.de\/","logo":{"@type":"ImageObject","inLanguage":"en-US","@id":"https:\/\/wolf-of-seo.de\/#\/schema\/logo\/image\/","url":"https:\/\/wolf-of-seo.de\/wp-content\/uploads\/2021\/11\/logo_wos_beitragsbild3.jpg","contentUrl":"https:\/\/wolf-of-seo.de\/wp-content\/uploads\/2021\/11\/logo_wos_beitragsbild3.jpg","width":1,"height":1,"caption":"WOLF OF SEO"},"image":{"@id":"https:\/\/wolf-of-seo.de\/#\/schema\/logo\/image\/"},"sameAs":["https:\/\/www.facebook.com\/wolf.of.seo.ns","https:\/\/x.com\/wolf_of_seo"]}]}},"_links":{"self":[{"href":"https:\/\/wolf-of-seo.de\/en\/wp-json\/wp\/v2\/pages\/44017","targetHints":{"allow":["GET"]}}],"collection":[{"href":"https:\/\/wolf-of-seo.de\/en\/wp-json\/wp\/v2\/pages"}],"about":[{"href":"https:\/\/wolf-of-seo.de\/en\/wp-json\/wp\/v2\/types\/page"}],"author":[{"embeddable":true,"href":"https:\/\/wolf-of-seo.de\/en\/wp-json\/wp\/v2\/users\/3"}],"replies":[{"embeddable":true,"href":"https:\/\/wolf-of-seo.de\/en\/wp-json\/wp\/v2\/comments?post=44017"}],"version-history":[{"count":0,"href":"https:\/\/wolf-of-seo.de\/en\/wp-json\/wp\/v2\/pages\/44017\/revisions"}],"wp:attachment":[{"href":"https:\/\/wolf-of-seo.de\/en\/wp-json\/wp\/v2\/media?parent=44017"}],"wp:term":[{"taxonomy":"category","embeddable":true,"href":"https:\/\/wolf-of-seo.de\/en\/wp-json\/wp\/v2\/categories?post=44017"},{"taxonomy":"post_tag","embeddable":true,"href":"https:\/\/wolf-of-seo.de\/en\/wp-json\/wp\/v2\/tags?post=44017"}],"curies":[{"name":"wp","href":"https:\/\/api.w.org\/{rel}","templated":true}]}}